{"id":3324,"date":"2024-12-20T10:40:51","date_gmt":"2024-12-20T10:40:51","guid":{"rendered":"https:\/\/arsmusic.pl\/?page_id=3324"},"modified":"2025-03-19T11:03:43","modified_gmt":"2025-03-19T10:03:43","slug":"kontakt","status":"publish","type":"page","link":"https:\/\/arsmusic.pl\/index.php\/kontakt\/","title":{"rendered":"KONTAKT"},"content":{"rendered":"\n<style type=\"text\/css\" data-created_by=\"avia_inline_auto\" id=\"style-css-av-m4wk0mcv-8c869f33299e20dae55bfebcaf366c28\">\n#top .av-special-heading.av-m4wk0mcv-8c869f33299e20dae55bfebcaf366c28{\npadding-bottom:10px;\ncolor:#333333;\n}\nbody .av-special-heading.av-m4wk0mcv-8c869f33299e20dae55bfebcaf366c28 .av-special-heading-tag .heading-char{\nfont-size:25px;\n}\n.av-special-heading.av-m4wk0mcv-8c869f33299e20dae55bfebcaf366c28 .special-heading-inner-border{\nborder-color:#333333;\n}\n.av-special-heading.av-m4wk0mcv-8c869f33299e20dae55bfebcaf366c28 .av-subheading{\nfont-size:15px;\n}\n<\/style>\n<div  class='av-special-heading av-m4wk0mcv-8c869f33299e20dae55bfebcaf366c28 av-special-heading-h1 custom-color-heading blockquote modern-quote  avia-builder-el-0  el_before_av_section  avia-builder-el-no-sibling '><h1 class='av-special-heading-tag '  itemprop=\"headline\"  >KONTAKT<\/h1><div class=\"special-heading-border\"><div class=\"special-heading-inner-border\"><\/div><\/div><\/div>\n<\/div><\/div><\/div><!-- close content main div --><\/div><\/div>\n<style type=\"text\/css\" data-created_by=\"avia_inline_auto\" id=\"style-css-av-do2u1o-555b4dd7c20edf7b01c2f8e3ca6a0f3a\">\n.avia-section.av-do2u1o-555b4dd7c20edf7b01c2f8e3ca6a0f3a{\nbackground-color:#eaeaea;\nbackground-image:unset;\n}\n<\/style>\n<div id='av_section_1'  class='avia-section av-do2u1o-555b4dd7c20edf7b01c2f8e3ca6a0f3a main_color avia-section-default avia-no-border-styling  avia-builder-el-1  el_after_av_heading  el_before_av_one_half  avia-bg-style-scroll container_wrap sidebar_right'  ><div class='container av-section-cont-open' ><div class='template-page content  av-content-small alpha units'><div class='post-entry post-entry-type-page post-entry-3324'><div class='entry-content-wrapper clearfix'>\n<div  class='flex_column av-clbikc-f5613db2d62586edce6880959eea70ff av_one_third  avia-builder-el-2  el_before_av_one_third  avia-builder-el-first  first flex_column_div  '     ><style type=\"text\/css\" data-created_by=\"avia_inline_auto\" id=\"style-css-av-m4wmaj68-2e7a0532d84edc68103b9389e9c5f44b\">\n#top #wrap_all .iconbox.av-m4wmaj68-2e7a0532d84edc68103b9389e9c5f44b .iconbox_content_title{\ncolor:#000000;\n}\n<\/style>\n<article  class='iconbox iconbox_top av-m4wmaj68-2e7a0532d84edc68103b9389e9c5f44b  avia-builder-el-3  avia-builder-el-no-sibling  main_color'  itemscope=\"itemscope\" itemtype=\"https:\/\/schema.org\/CreativeWork\" ><div class=\"iconbox_content\"><header class=\"entry-content-header\" aria-label=\"Icon: Numer telefonu\"><div class=\"iconbox_icon heading-color\" aria-hidden='true' data-av_icon='\ue854' data-av_iconfont='entypo-fontello'><\/div><h3 class='iconbox_content_title '  itemprop=\"headline\" >Numer telefonu<\/h3><\/header><div class='iconbox_content_container '  itemprop=\"text\" ><\/div><\/div><footer class=\"entry-footer\"><\/footer><\/article><\/div><div  class='flex_column av-aekanw-e5d26df40f46175d38a290128abe883c av_one_third  avia-builder-el-4  el_after_av_one_third  el_before_av_one_third  flex_column_div  '     ><style type=\"text\/css\" data-created_by=\"avia_inline_auto\" id=\"style-css-av-m4wmb3g1-9090b8562de8f9f18c559cd0a0c7f828\">\n#top #wrap_all .iconbox.av-m4wmb3g1-9090b8562de8f9f18c559cd0a0c7f828 .iconbox_content_title{\ncolor:#000000;\n}\n<\/style>\n<article  class='iconbox iconbox_top av-m4wmb3g1-9090b8562de8f9f18c559cd0a0c7f828  avia-builder-el-5  avia-builder-el-no-sibling  main_color'  itemscope=\"itemscope\" itemtype=\"https:\/\/schema.org\/CreativeWork\" ><div class=\"iconbox_content\"><header class=\"entry-content-header\" aria-label=\"Icon: Adres e-mail\"><div class=\"iconbox_icon heading-color\" aria-hidden='true' data-av_icon='\ue805' data-av_iconfont='entypo-fontello'><\/div><h3 class='iconbox_content_title '  itemprop=\"headline\" >Adres e-mail<\/h3><\/header><div class='iconbox_content_container '  itemprop=\"text\" ><p><a href=\"https:\/\/web.archive.org\/web\/20230923074449\/mailto:mail@arsmusic.pl\">mail@arsmusic.pl<\/a><\/p>\n<\/div><\/div><footer class=\"entry-footer\"><\/footer><\/article><\/div><div  class='flex_column av-8ok00c-8fe89be7af8cf018c899d6036105a498 av_one_third  avia-builder-el-6  el_after_av_one_third  avia-builder-el-last  flex_column_div  '     ><article  class='iconbox iconbox_top av-m4wmc7hk-28d99297e4274847f622fe7207ee57e8  avia-builder-el-7  avia-builder-el-no-sibling  main_color'  itemscope=\"itemscope\" itemtype=\"https:\/\/schema.org\/CreativeWork\" ><div class=\"iconbox_content\"><header class=\"entry-content-header\" aria-label=\"Icon: Facebook\"><div class=\"iconbox_icon heading-color\" aria-hidden='true' data-av_icon='\ue8f3' data-av_iconfont='entypo-fontello'><\/div><h3 class='iconbox_content_title '  itemprop=\"headline\" >Facebook<\/h3><\/header><div class='iconbox_content_container '  itemprop=\"text\" ><p><a href=\"https:\/\/www.facebook.com\/RuminskaAgata\/\">Agata Rumi\u0144ska-Sulenta<\/a><\/p>\n<\/div><\/div><footer class=\"entry-footer\"><\/footer><\/article><\/div>\n<\/div><\/div><\/div><!-- close content main div --><\/div><\/div><div id='after_section_1'  class='main_color av_default_container_wrap container_wrap sidebar_right'  ><div class='container av-section-cont-open' ><div class='template-page content  av-content-small alpha units'><div class='post-entry post-entry-type-page post-entry-3324'><div class='entry-content-wrapper clearfix'>\n<div  class='flex_column av-7ovhq4-e27b959151255eae1f284f4d64f4cb24 av_one_half  avia-builder-el-8  el_after_av_section  el_before_av_one_half  avia-builder-el-first  first flex_column_div  '     ><form action=\"https:\/\/arsmusic.pl\/index.php\/kontakt\/\" method=\"post\" data-fields-with-error=\"Found errors in the following field(s):\" class=\"avia_ajax_form av-form-labels-visible   avia-builder-el-9  avia-builder-el-no-sibling   \" data-avia-form-id=\"1\" data-avia-redirect=''  aria-label='Formularz kontaktowy' ><h3 class=''>Wy\u015blij nam wiadomo\u015b\u0107!<\/h3><fieldset><p class='  first_form  form_element form_fullwidth' id='element_avia_1_1'><label for=\"avia_1_1\">Imi\u0119 i nazwisko <abbr class=\"required\" title=\"required\">*<\/abbr><\/label> <input name=\"avia_1_1\" class=\"text_input is_empty\" type=\"text\" id=\"avia_1_1\" value=\"\" \/><\/p><p class='  first_form  form_element form_fullwidth' id='element_avia_2_1'><label for=\"avia_2_1\">E-Mail <abbr class=\"required\" title=\"required\">*<\/abbr><\/label> <input name=\"avia_2_1\" class=\"text_input is_email\" type=\"text\" id=\"avia_2_1\" value=\"\" \/><\/p><p class='  first_form  form_element form_fullwidth' id='element_avia_3_1'><label for=\"avia_3_1\">Temat <abbr class=\"required\" title=\"required\">*<\/abbr><\/label> <input name=\"avia_3_1\" class=\"text_input is_empty\" type=\"text\" id=\"avia_3_1\" value=\"\" \/><\/p><p class='  first_form  form_element form_fullwidth' id='element_avia_4_1'><label for=\"avia_4_1\" class=\"textare_label hidden textare_label_avia_4_1\">Wiadomo\u015b\u0107 <abbr class=\"required\" title=\"required\">*<\/abbr><\/label><textarea  name=\"avia_4_1\" class=\"text_area is_empty\" cols=\"40\" rows=\"7\" id=\"avia_4_1\" ><\/textarea><\/p><p class='  first_form  form_element form_fullwidth' id='element_avia_5_1'><input  name=\"avia_5_1\" class=\"input_checkbox is_empty\" type=\"checkbox\" id=\"avia_5_1\" value=\"true\"\/><label class=\"input_checkbox_label\" for=\"avia_5_1\">Na podstawie art. 13 ust. 1 i ust. 2 rozporz\u0105dzenia Parlamentu Europejskiego i Rady (UE) 2016\/679 z dnia 27 kwietnia 2016 r. w sprawie ochrony os\u00f3b fizycznych w zwi\u0105zku z przetwarzaniem danych osobowych i w sprawie swobodnego przep\u0142ywu takich danych oraz uchylenia dyrektywy 95\/46\/WE (og\u00f3lne rozporz\u0105dzenie o ochronie danych) (Dz. Urz. UE L 119 z 04.05.2016 r.), zwanego dalej RODO, informuj\u0119, \u017ce Administratorem Pani\/Pana danych osobowych jest  .............................. Dane kontaktowe Inspektora Ochrony Danych to:..................................... Przetwarzanie Pani\/Pana danych osobowych odbywa\u0107 si\u0119 b\u0119dzie w zakresie niezb\u0119dnym do zrealizowania obowi\u0105zku wynikaj\u0105cego z przepisu obowi\u0105zuj\u0105cych przepis\u00f3w prawa dotycz\u0105cych ochrony danych osobowych. Pani\/Pana dane przetwarzane b\u0119d\u0105 wy\u0142\u0105cznie w celu udzielenia odpowiedzi na zapytania przesy\u0142ane przy u\u017cyciu formularza kontaktowego, a wi\u0119c w oparciu o wyra\u017con\u0105 przez Pani\u0105\/Pana zgod\u0119, tj: na podstawie art. 6 ust. 1 lit. a RODO. Posiada Pani\/Pan prawo dost\u0119pu do tre\u015bci swoich danych osobowych oraz prawo do ich uzupe\u0142nienia , sprostowania, a tak\u017ce do usuni\u0119cia danych bez wp\u0142ywu na zgodno\u015b\u0107 z prawem dotychczasowego przetwarzania danych. Pani\/Pana zgoda na przetwarzanie danych osobowych mo\u017ce w ka\u017cdej chwili zosta\u0107 cofni\u0119ta przez wys\u0142anie wiadomo\u015bci e-mail na adres........................... z adresu, kt\u00f3rego zgoda dotyczy. Przys\u0142uguje Pani\/Panu prawo wniesienia skargi do Prezesa Urz\u0119du Ochrony Danych Osobowych, gdy uzna Pani\/Pan, i\u017c przetwarzanie danych osobowych narusza przepisy RODO. Informujemy, \u017ce Pani\/Pana dane b\u0119d\u0105 przetwarzane w spos\u00f3b zautomatyzowany. Informujemy r\u00f3wnie\u017c, \u017ce nie jest Pani\/Pan profilowany a Pani\/Pana dane nie b\u0119d\u0105 przekazywane poza europejski obszar gospodarczy ani udost\u0119pniane innym podmiotom <abbr class=\"required\" title=\"required\">*<\/abbr><\/label><\/p><p class='  first_form  form_element form_fullwidth' id='element_avia_6_1'><label for=\"avia_6_1\"><\/label> <input name=\"avia_6_1\" class=\"text_input \" type=\"text\" id=\"avia_6_1\" value=\"\" \/><\/p><p class=\"hidden\"><input type=\"text\" name=\"avia_7_1\" class=\"hidden \" id=\"avia_7_1\" value=\"\" \/><\/p><p class='   form_element form_fullwidth' id='element_avia_8_1'><span class='value_verifier_label'>0 + 1 = ?<\/span><input name=\"avia_8_1_verifier\" type=\"hidden\" id=\"avia_8_1_verifier\" value=\"137177166\"\/><label for=\"avia_8_1\">Rozwi\u0105\u017c r\u00f3wnanie: <abbr class=\"required\" title=\"required\">*<\/abbr><\/label><input name=\"avia_8_1\" class=\"text_input captcha\" type=\"text\" id=\"avia_8_1\" value=\"\"\/><\/p><p class=\"form_element \"><input type=\"hidden\" value=\"1\" name=\"avia_generated_form1\" \/><input type=\"submit\" value=\"Wy\u015blij\" class=\"button\"  data-sending-label=\"Trwa wysy\u0142anie...\"\/><\/p><\/fieldset><\/form><div id=\"ajaxresponse_1\" class=\"ajaxresponse ajaxresponse_1 hidden\"><\/div><\/div><div  class='flex_column av-3qm6fw-fc67ba16244fb90494d814ad01715c13 av_one_half  avia-builder-el-10  el_after_av_one_half  avia-builder-el-last  flex_column_div  '     ><div  class='avia-slideshow av-m4wmkehe-aa46db28d430f8eb26b48d955989c16e avia-slideshow-large av_slideshow avia-slide-slider  avia-builder-el-11  avia-builder-el-no-sibling  av-slideshow-ui av-control-default av-slideshow-manual av-loop-once av-loop-manual-endless av-default-height-applied avia-slideshow-1' data-slideshow-options=\"{&quot;animation&quot;:&quot;slide&quot;,&quot;autoplay&quot;:false,&quot;loop_autoplay&quot;:&quot;once&quot;,&quot;interval&quot;:5,&quot;loop_manual&quot;:&quot;manual-endless&quot;,&quot;autoplay_stopper&quot;:false,&quot;noNavigation&quot;:false,&quot;bg_slider&quot;:false,&quot;keep_padding&quot;:false,&quot;hoverpause&quot;:false,&quot;show_slide_delay&quot;:0}\"  itemprop=\"image\" itemscope=\"itemscope\" itemtype=\"https:\/\/schema.org\/ImageObject\" ><ul class='avia-slideshow-inner ' style='padding-bottom: 149.92721979622%;'><li  class='avia-slideshow-slide av-m4wmkehe-aa46db28d430f8eb26b48d955989c16e__0  av-single-slide slide-1 slide-odd'><div data-rel='slideshow-1' class='avia-slide-wrap '   ><img decoding=\"async\" fetchpriority=\"high\" class=\"wp-image-571 avia-img-lazy-loading-not-571\"  src=\"https:\/\/arsmusic.pl\/wp-content\/uploads\/2024\/12\/IMG_8839-687x1030.jpg\" width=\"687\" height=\"1030\" title='Fot. Mateusz \u017baboklicki' alt='portret'  itemprop=\"thumbnailUrl\" srcset=\"https:\/\/arsmusic.pl\/wp-content\/uploads\/2024\/12\/IMG_8839-687x1030.jpg 687w, https:\/\/arsmusic.pl\/wp-content\/uploads\/2024\/12\/IMG_8839-200x300.jpg 200w, https:\/\/arsmusic.pl\/wp-content\/uploads\/2024\/12\/IMG_8839-768x1152.jpg 768w, https:\/\/arsmusic.pl\/wp-content\/uploads\/2024\/12\/IMG_8839-1024x1536.jpg 1024w, https:\/\/arsmusic.pl\/wp-content\/uploads\/2024\/12\/IMG_8839-1365x2048.jpg 1365w, https:\/\/arsmusic.pl\/wp-content\/uploads\/2024\/12\/IMG_8839-1000x1500.jpg 1000w, https:\/\/arsmusic.pl\/wp-content\/uploads\/2024\/12\/IMG_8839-470x705.jpg 470w, https:\/\/arsmusic.pl\/wp-content\/uploads\/2024\/12\/IMG_8839-450x675.jpg 450w, https:\/\/arsmusic.pl\/wp-content\/uploads\/2024\/12\/IMG_8839-600x900.jpg 600w, https:\/\/arsmusic.pl\/wp-content\/uploads\/2024\/12\/IMG_8839-scaled.jpg 1707w\" sizes=\"(max-width: 687px) 100vw, 687px\" \/><\/div><\/li><\/ul><\/div><\/div><\/p>\n","protected":false},"excerpt":{"rendered":"","protected":false},"author":1,"featured_media":0,"parent":0,"menu_order":0,"comment_status":"closed","ping_status":"closed","template":"","meta":{"footnotes":""},"class_list":["post-3324","page","type-page","status-publish","hentry"],"_links":{"self":[{"href":"https:\/\/arsmusic.pl\/index.php\/wp-json\/wp\/v2\/pages\/3324","targetHints":{"allow":["GET"]}}],"collection":[{"href":"https:\/\/arsmusic.pl\/index.php\/wp-json\/wp\/v2\/pages"}],"about":[{"href":"https:\/\/arsmusic.pl\/index.php\/wp-json\/wp\/v2\/types\/page"}],"author":[{"embeddable":true,"href":"https:\/\/arsmusic.pl\/index.php\/wp-json\/wp\/v2\/users\/1"}],"replies":[{"embeddable":true,"href":"https:\/\/arsmusic.pl\/index.php\/wp-json\/wp\/v2\/comments?post=3324"}],"version-history":[{"count":20,"href":"https:\/\/arsmusic.pl\/index.php\/wp-json\/wp\/v2\/pages\/3324\/revisions"}],"predecessor-version":[{"id":4010,"href":"https:\/\/arsmusic.pl\/index.php\/wp-json\/wp\/v2\/pages\/3324\/revisions\/4010"}],"wp:attachment":[{"href":"https:\/\/arsmusic.pl\/index.php\/wp-json\/wp\/v2\/media?parent=3324"}],"curies":[{"name":"wp","href":"https:\/\/api.w.org\/{rel}","templated":true}]}}