{"id":3723,"date":"2025-01-15T08:07:00","date_gmt":"2025-01-15T08:07:00","guid":{"rendered":"https:\/\/arsmusic.pl\/?page_id=3723"},"modified":"2025-01-15T09:45:48","modified_gmt":"2025-01-15T09:45:48","slug":"polityka-prywatnosci","status":"publish","type":"page","link":"https:\/\/arsmusic.pl\/index.php\/polityka-prywatnosci\/","title":{"rendered":"Polityka prywatno\u015bci"},"content":{"rendered":"<section  class='av_textblock_section av-m5xpsxnz-11955fc9be5c533ec1a2c82c22c8ce82 '   itemscope=\"itemscope\" itemtype=\"https:\/\/schema.org\/CreativeWork\" ><div class='avia_textblock'  itemprop=\"text\" ><p><strong>&#8222;Kim jeste\u015bmy?<\/strong><\/p>\n<p>Adres naszej witryny to: https:\/\/arsmusic.pl<\/p>\n<p><strong>Jakie dane osobowe zbieramy i dlaczego je zbieramy?<\/strong><\/p>\n<p><strong>Komentarze<\/strong><\/p>\n<p>Kiedy odwiedzaj\u0105cy zostawia komentarz na stronie, zbieramy dane umieszczone w formularzu komentarzy, a tak\u017ce adres IP odwiedzaj\u0105cego i ci\u0105g agenta u\u017cytkownika przegl\u0105darki, aby pom\u00f3c w wykrywaniu spamu.<\/p>\n<p>Zanonimizowany ci\u0105g utworzony z adresu e-mail wprowadzaj\u0105cego\u00a0 (nazywany r\u00f3wnie\u017c hashem) mo\u017ce zosta\u0107 przekazany us\u0142udze Gravatar, aby sprawdzi\u0107, czy wprowadzaj\u0105cy jej u\u017cywa. Polityka prywatno\u015bci us\u0142ugi Gravatar jest dost\u0119pna pod adresem: https:\/\/automattic.com\/privacy\/. Po zatwierdzeniu komentarza zdj\u0119cie profilowe wprowadzaj\u0105cego\u00a0 jest widoczne publicznie w powi\u0105zaniu z jego komentarzem.<\/p>\n<p><strong>Media<\/strong><\/p>\n<p>Je\u015bli odwiedzaj\u0105cy przesy\u0142a na nasz\u0105 stron\u0119 obrazy, powinien unika\u0107 przesy\u0142ania obraz\u00f3w z osadzonymi danymi lokalizacji (EXIF GPS). Odwiedzaj\u0105cy stron\u0119 mog\u0105 pobiera\u0107 i wyodr\u0119bnia\u0107 wszelkie dane lokalizacji z obraz\u00f3w na stronie.<\/p>\n<p><strong>Formularze kontaktowe<\/strong><\/p>\n<p><strong>Pliki cookie<\/strong><\/p>\n<p>Je\u015bli odwiedzaj\u0105cy zostawia komentarz na naszej stronie, mo\u017ce wyrazi\u0107 zgod\u0119 na zapisanie swojego imienia, adresu e-mail i witryny w plikach cookie. Ta formu\u0142a jest dost\u0119pna dla wygody odwiedzaj\u0105cego, aby nie musia\u0142 ponownie wype\u0142nia\u0107 swoich danych, gdy zostawi kolejny komentarz. Utworzone pliki cookie s\u0105 wa\u017cne i dost\u0119pne przez rok od dokonanego wpisu.<\/p>\n<p>Je\u015bli odwiedzaj\u0105cy uruchomi\u00a0 nasz\u0105 stron\u0119 logowania, ustawimy tymczasowy plik cookie, aby sprawdzi\u0107, czy jego przegl\u0105darka akceptuje pliki cookie. Ten plik cookie nie zawiera \u017cadnych danych osobowych i jest usuwany po zamkni\u0119ciu przegl\u0105darki.<\/p>\n<p>Kiedy odwiedzaj\u0105cy zaloguje si\u0119 na naszej stronie, ustawimy r\u00f3wnie\u017c kilka plik\u00f3w cookie, aby zapisa\u0107\u00a0 dane jego logowania i wybrane opcje wy\u015bwietlania ekranu. Pliki cookie logowania s\u0105 wa\u017cne przez dwa dni, a pliki cookie opcji ekranu s\u0105 wa\u017cne przez rok. Je\u015bli odwiedzaj\u0105cy wybierze opcj\u0119 \u201eZapami\u0119taj mnie\u201d, dane o jego logowaniu b\u0119d\u0105 zarejestrowane przez dwa tygodnie. Je\u015bli odwiedzaj\u0105cy wyloguje si\u0119 ze swojego konta, pliki cookie logowania zostan\u0105 usuni\u0119te.<\/p>\n<p>Je\u015bli odwiedzaj\u0105cy edytuje lub publikuje notatk\u0119- artyku\u0142, w jego przegl\u0105darce zostanie zapisany dodatkowy plik cookie. Ten plik cookie nie zawiera \u017cadnych danych osobowych, a jedynie wskazuje identyfikator informacji-artyku\u0142u, kt\u00f3ry zosta\u0142 wyedytowany. Wygasa on po jednym\u00a0 dniu od dnia edycji.<\/p>\n<p><strong>Osadzone tre\u015bci pochodz\u0105ce z innych witryn<\/strong><\/p>\n<p>Artyku\u0142y na tej stronie mog\u0105 zawiera\u0107 osadzone tre\u015bci (np. filmy, obrazy, artyku\u0142y itp.). Osadzone tre\u015bci pochodz\u0105ce z innych witryn podlegaj\u0105 dok\u0142adnie takim samym zasadom polityki prywatno\u015bci, jakie obowi\u0105zuj\u0105 w okoliczno\u015bciach odwiedzenia innej witryny ich pochodzenia.<\/p>\n<p>Inne witryny mog\u0105 zbiera\u0107 dane o odwiedzaj\u0105cym, u\u017cywa\u0107 plik\u00f3w cookie, osadza\u0107 dodatkowe \u015bledzenie stron trzecich i monitorowa\u0107\u00a0 interakcj\u0119 odwiedzaj\u0105cego z osadzon\u0105 tre\u015bci\u0105 lub obiektami, w tym \u015bledzenie interakcji odwiedzaj\u0105cego\u00a0 z osadzon\u0105 tre\u015bci\u0105 lub obiektem, je\u015bli odwiedzaj\u0105cy posiada konto i jest zalogowany na takiej stronie.<\/p>\n<p><strong>Podsumowanie<\/strong><\/p>\n<p><strong>Komu\u00a0 udost\u0119pniamy dane odwiedzaj\u0105cego? <\/strong><strong>Jak d\u0142ugo przechowujemy pozostawione dane?<\/strong><\/p>\n<p>Je\u015bli odwiedzaj\u0105cy zostawi komentarz, komentarz i jego metadane s\u0105 przechowywane bezterminowo. Dzi\u0119ki temu mo\u017cemy automatycznie rozpoznawa\u0107 i zatwierdza\u0107 wszelkie komentarze uzupe\u0142niaj\u0105ce zamiast kolejny raz przeprowadza\u0107 procedur\u0119 moderacji.<\/p>\n<p>W przypadku u\u017cytkownik\u00f3w, kt\u00f3rzy rejestruj\u0105 si\u0119 na naszej stronie internetowej, przechowujemy r\u00f3wnie\u017c dane osobowe, kt\u00f3re podaj\u0105 w swoim profilu u\u017cytkownika. Wszyscy u\u017cytkownicy mog\u0105 w ka\u017cdej chwili zobaczy\u0107, edytowa\u0107 lub usun\u0105\u0107 swoje dane osobowe (z wyj\u0105tkiem tego, \u017ce nie mog\u0105 zmieni\u0107 swojej nazwy u\u017cytkownika). Administrator witryny mo\u017ce r\u00f3wnie\u017c zobaczy\u0107 i edytowa\u0107 te informacje.<\/p>\n<p><strong>Jakie prawa do swoich danych posiada odwiedzaj\u0105cy nasz\u0105 stron\u0119?<\/strong><\/p>\n<p>Je\u015bli posiada konto na tej stronie lub zostawi\u0142 komentarze, mo\u017ce poprosi\u0107 o otrzymanie wyeksportowanego pliku danych osobowych, kt\u00f3re o nim posiadamy, w tym wszelkich danych, kt\u00f3re nam przekaza\u0142. Mo\u017ce r\u00f3wnie\u017c poprosi\u0107 o usuni\u0119cie wszelkich danych osobowych, kt\u00f3re o nim posiadamy. Nie obejmuje to \u017cadnych danych, kt\u00f3re jeste\u015bmy zobowi\u0105zani przechowywa\u0107 w celach administracyjnych, prawnych lub bezpiecze\u0144stwa.<\/p>\n<p><strong>Czy przekazujemy dane zwi\u0105zane z zamieszczanymi przez odwiedzaj\u0105cych komentarzami?<\/strong><\/p>\n<p>Komentarze odwiedzaj\u0105cych mog\u0105 by\u0107 sprawdzane za pomoc\u0105 automatycznej us\u0142ugi wykrywania spamu.<\/p>\n<\/div><\/section>\n","protected":false},"excerpt":{"rendered":"","protected":false},"author":1,"featured_media":0,"parent":0,"menu_order":0,"comment_status":"closed","ping_status":"closed","template":"","meta":{"footnotes":""},"class_list":["post-3723","page","type-page","status-publish","hentry"],"_links":{"self":[{"href":"https:\/\/arsmusic.pl\/index.php\/wp-json\/wp\/v2\/pages\/3723","targetHints":{"allow":["GET"]}}],"collection":[{"href":"https:\/\/arsmusic.pl\/index.php\/wp-json\/wp\/v2\/pages"}],"about":[{"href":"https:\/\/arsmusic.pl\/index.php\/wp-json\/wp\/v2\/types\/page"}],"author":[{"embeddable":true,"href":"https:\/\/arsmusic.pl\/index.php\/wp-json\/wp\/v2\/users\/1"}],"replies":[{"embeddable":true,"href":"https:\/\/arsmusic.pl\/index.php\/wp-json\/wp\/v2\/comments?post=3723"}],"version-history":[{"count":6,"href":"https:\/\/arsmusic.pl\/index.php\/wp-json\/wp\/v2\/pages\/3723\/revisions"}],"predecessor-version":[{"id":3731,"href":"https:\/\/arsmusic.pl\/index.php\/wp-json\/wp\/v2\/pages\/3723\/revisions\/3731"}],"wp:attachment":[{"href":"https:\/\/arsmusic.pl\/index.php\/wp-json\/wp\/v2\/media?parent=3723"}],"curies":[{"name":"wp","href":"https:\/\/api.w.org\/{rel}","templated":true}]}}